{"id":59,"date":"2021-01-20T12:06:37","date_gmt":"2021-01-20T12:06:37","guid":{"rendered":"https:\/\/2021.centralbahn.ch\/?page_id=59"},"modified":"2021-01-20T12:06:37","modified_gmt":"2021-01-20T12:06:37","slug":"speisewagen","status":"publish","type":"page","link":"https:\/\/2021ag.centralbahn.ch\/index.php\/speisewagen\/","title":{"rendered":"Speisewagen"},"content":{"rendered":"<p>Ganz angenehm wird es in den historischen Speisewagen die wir f\u00fcr Sie bereit halten.<br \/>\nHerrliche Speisen genie\u00dfen Sie w\u00e4hrend einer gem\u00fctlichen Fahrt, ein einmaliges Erlebnis!<\/p>\n","protected":false},"excerpt":{"rendered":"<p>Ganz angenehm wird es in den historischen Speisewagen die wir f\u00fcr Sie bereit halten. Herrliche Speisen genie\u00dfen Sie w\u00e4hrend einer gem\u00fctlichen Fahrt, ein einmaliges Erlebnis!<\/p>\n","protected":false},"author":1,"featured_media":0,"parent":0,"menu_order":0,"comment_status":"closed","ping_status":"closed","template":"","meta":{"_monsterinsights_skip_tracking":false,"_monsterinsights_sitenote_active":false,"_monsterinsights_sitenote_note":"","_monsterinsights_sitenote_category":0,"footnotes":""},"class_list":["post-59","page","type-page","status-publish","hentry"],"_links":{"self":[{"href":"https:\/\/2021ag.centralbahn.ch\/index.php\/wp-json\/wp\/v2\/pages\/59","targetHints":{"allow":["GET"]}}],"collection":[{"href":"https:\/\/2021ag.centralbahn.ch\/index.php\/wp-json\/wp\/v2\/pages"}],"about":[{"href":"https:\/\/2021ag.centralbahn.ch\/index.php\/wp-json\/wp\/v2\/types\/page"}],"author":[{"embeddable":true,"href":"https:\/\/2021ag.centralbahn.ch\/index.php\/wp-json\/wp\/v2\/users\/1"}],"replies":[{"embeddable":true,"href":"https:\/\/2021ag.centralbahn.ch\/index.php\/wp-json\/wp\/v2\/comments?post=59"}],"version-history":[{"count":1,"href":"https:\/\/2021ag.centralbahn.ch\/index.php\/wp-json\/wp\/v2\/pages\/59\/revisions"}],"predecessor-version":[{"id":60,"href":"https:\/\/2021ag.centralbahn.ch\/index.php\/wp-json\/wp\/v2\/pages\/59\/revisions\/60"}],"wp:attachment":[{"href":"https:\/\/2021ag.centralbahn.ch\/index.php\/wp-json\/wp\/v2\/media?parent=59"}],"curies":[{"name":"wp","href":"https:\/\/api.w.org\/{rel}","templated":true}]}}