{"id":57,"date":"2021-01-20T12:05:58","date_gmt":"2021-01-20T12:05:58","guid":{"rendered":"https:\/\/2021.centralbahn.ch\/?page_id=57"},"modified":"2021-01-20T12:05:58","modified_gmt":"2021-01-20T12:05:58","slug":"partywagen","status":"publish","type":"page","link":"https:\/\/2021ag.centralbahn.ch\/index.php\/partywagen\/","title":{"rendered":"Partywagen"},"content":{"rendered":"<p>\u2026 mit gro\u00dfer Theke, Tanzfl\u00e4che, professionellem DJ-Equipment<br \/>\nund je nach Wagen einer Kochzeile bis hin zur voll ausgestatteten K\u00fcche, K\u00fchl- und Lagerr\u00e4umen.<\/p>\n","protected":false},"excerpt":{"rendered":"<p>\u2026 mit gro\u00dfer Theke, Tanzfl\u00e4che, professionellem DJ-Equipment und je nach Wagen einer Kochzeile bis hin zur voll ausgestatteten K\u00fcche, K\u00fchl- und Lagerr\u00e4umen.<\/p>\n","protected":false},"author":1,"featured_media":0,"parent":0,"menu_order":0,"comment_status":"closed","ping_status":"closed","template":"","meta":{"_monsterinsights_skip_tracking":false,"_monsterinsights_sitenote_active":false,"_monsterinsights_sitenote_note":"","_monsterinsights_sitenote_category":0,"footnotes":""},"class_list":["post-57","page","type-page","status-publish","hentry"],"_links":{"self":[{"href":"https:\/\/2021ag.centralbahn.ch\/index.php\/wp-json\/wp\/v2\/pages\/57","targetHints":{"allow":["GET"]}}],"collection":[{"href":"https:\/\/2021ag.centralbahn.ch\/index.php\/wp-json\/wp\/v2\/pages"}],"about":[{"href":"https:\/\/2021ag.centralbahn.ch\/index.php\/wp-json\/wp\/v2\/types\/page"}],"author":[{"embeddable":true,"href":"https:\/\/2021ag.centralbahn.ch\/index.php\/wp-json\/wp\/v2\/users\/1"}],"replies":[{"embeddable":true,"href":"https:\/\/2021ag.centralbahn.ch\/index.php\/wp-json\/wp\/v2\/comments?post=57"}],"version-history":[{"count":1,"href":"https:\/\/2021ag.centralbahn.ch\/index.php\/wp-json\/wp\/v2\/pages\/57\/revisions"}],"predecessor-version":[{"id":58,"href":"https:\/\/2021ag.centralbahn.ch\/index.php\/wp-json\/wp\/v2\/pages\/57\/revisions\/58"}],"wp:attachment":[{"href":"https:\/\/2021ag.centralbahn.ch\/index.php\/wp-json\/wp\/v2\/media?parent=57"}],"curies":[{"name":"wp","href":"https:\/\/api.w.org\/{rel}","templated":true}]}}