{"id":47,"date":"2021-01-20T12:01:21","date_gmt":"2021-01-20T12:01:21","guid":{"rendered":"https:\/\/2021.centralbahn.ch\/?page_id=47"},"modified":"2021-01-20T12:02:03","modified_gmt":"2021-01-20T12:02:03","slug":"unsere-lokomotiven","status":"publish","type":"page","link":"https:\/\/2021ag.centralbahn.ch\/index.php\/unsere-lokomotiven\/","title":{"rendered":"Unsere Wagen"},"content":{"rendered":"<p>Schnellzugwagen<br \/>\nF\u00fcr besten Reisekomfort sorgen unsere bequemen Schnellzugwagen, mit bis zu 72 Sitzpl\u00e4tzen je Wagen in ger\u00e4umigen Abteilen.<\/p>\n<p>Partywagen<br \/>\nGeselligkeit, Musik und Tanz, Spass und Unterhaltung die ganze Reise \u00fcber finden Sie in unseren Partywagen mit Theke und Tonkabine.<\/p>\n<p>Speisewagen<br \/>\nOb z\u00fcnftige Brotzeit oder mehrg\u00e4ngiges Luxus-Dinner in einem unserer Speisewagen \u2013 wir sind f\u00fcr alle W\u00fcnsche offen.<\/p>\n","protected":false},"excerpt":{"rendered":"<p>Schnellzugwagen F\u00fcr besten Reisekomfort sorgen unsere bequemen Schnellzugwagen, mit bis zu 72 Sitzpl\u00e4tzen je Wagen in ger\u00e4umigen Abteilen. Partywagen Geselligkeit, Musik und Tanz, Spass und Unterhaltung die ganze Reise \u00fcber finden Sie in unseren Partywagen mit Theke und Tonkabine. Speisewagen Ob z\u00fcnftige Brotzeit oder mehrg\u00e4ngiges Luxus-Dinner in einem unserer Speisewagen \u2013 wir sind f\u00fcr alle [&hellip;]<\/p>\n","protected":false},"author":1,"featured_media":0,"parent":0,"menu_order":0,"comment_status":"closed","ping_status":"closed","template":"","meta":{"_monsterinsights_skip_tracking":false,"_monsterinsights_sitenote_active":false,"_monsterinsights_sitenote_note":"","_monsterinsights_sitenote_category":0,"footnotes":""},"class_list":["post-47","page","type-page","status-publish","hentry"],"_links":{"self":[{"href":"https:\/\/2021ag.centralbahn.ch\/index.php\/wp-json\/wp\/v2\/pages\/47","targetHints":{"allow":["GET"]}}],"collection":[{"href":"https:\/\/2021ag.centralbahn.ch\/index.php\/wp-json\/wp\/v2\/pages"}],"about":[{"href":"https:\/\/2021ag.centralbahn.ch\/index.php\/wp-json\/wp\/v2\/types\/page"}],"author":[{"embeddable":true,"href":"https:\/\/2021ag.centralbahn.ch\/index.php\/wp-json\/wp\/v2\/users\/1"}],"replies":[{"embeddable":true,"href":"https:\/\/2021ag.centralbahn.ch\/index.php\/wp-json\/wp\/v2\/comments?post=47"}],"version-history":[{"count":2,"href":"https:\/\/2021ag.centralbahn.ch\/index.php\/wp-json\/wp\/v2\/pages\/47\/revisions"}],"predecessor-version":[{"id":49,"href":"https:\/\/2021ag.centralbahn.ch\/index.php\/wp-json\/wp\/v2\/pages\/47\/revisions\/49"}],"wp:attachment":[{"href":"https:\/\/2021ag.centralbahn.ch\/index.php\/wp-json\/wp\/v2\/media?parent=47"}],"curies":[{"name":"wp","href":"https:\/\/api.w.org\/{rel}","templated":true}]}}