{"id":39,"date":"2021-01-20T11:57:42","date_gmt":"2021-01-20T11:57:42","guid":{"rendered":"https:\/\/2021.centralbahn.ch\/?page_id=39"},"modified":"2021-01-20T11:57:42","modified_gmt":"2021-01-20T11:57:42","slug":"haeufige-fragen","status":"publish","type":"page","link":"https:\/\/2021ag.centralbahn.ch\/index.php\/haeufige-fragen\/","title":{"rendered":"H\u00e4ufige Fragen"},"content":{"rendered":"<div class=\"spanrow\">Wie hoch sind die Kosten eines Sonderzuges?<\/div>\n<div class=\"accord_body\">Je mehr Mitfahrer, um so preiswerter wird die Sonderzugfahrt!Die Grundkosten f\u00fcr die Lokomotive, den Lokf\u00fchrer und den Zugchef (Zugf\u00fchrer) fallen immer an, egal, ob der Zug aus 3 oder 15 Wagen besteht, ob also 100 oder 1\u2019000 Teilnehmer verreisen.<\/p>\n<p>Sodann richtet sich der Sonderzugpreis nur noch nach der Entfernung:<\/p>\n<p>Wenn Sie f\u00fcr nur 100 G\u00e4ste einen ganz exklusiven Sonderzug bei uns buchen, bestehend aus nur zwei Wagen 1. Klasse, einem Speise- und einem Partywagen, so ist Ihr \u201eeigener\u201c Zug in der Regel bereits preiswerter als die Kosten f\u00fcr normale Tickets 1. Klasse f\u00fcr 100 Personen.<\/p>\n<p>Der Vereins- oder Betriebsausflug mit 250 Personen im Sonderzug 2. Klasse mit einem Partywagen kostet deutlich weniger als 250 normale 2. Klasse-Tickets, bei 400 oder gar 800 Reisenden wird es deutlich preiswerter als ein normales Bahn-Gruppen-Ticket. Und besonders g\u00fcnstig ist die ganze Schule mit bis zu 1\u2019000 Sch\u00fclern und Lehrern unterwegs.<\/p>\n<\/div>\n<div class=\"spanrow\">Wie wird ein Zug in den Fahrplan der \u201enormalen\u201c Z\u00fcge eingebunden?<\/div>\n<div class=\"accord_body\">F\u00fcr jeden Sonderzug wird ein minutengenauer Fahrplan erstellt. Sie nennen uns einfach die gew\u00fcnschte Abfahrtszeit am Ausgangsbahnhof oder die Wunschankunft am Ziel und unser Fahrplanb\u00fcro rechnet f\u00fcr Sie den genauen Fahrplan aus.<\/div>\n<div class=\"spanrow\">Wie weit kann ein Sonderzug fahren?<\/div>\n<div class=\"accord_body\">Eine Tagestour sollte mindestens 250 km weit f\u00fchren (Sie wollen ja aus Ihrem sch\u00f6nen Zug nicht nach einer Stunde schon wieder aussteigen!), bei Mehrtagesfahrten sind auch 1000 km im eigenen Zug ein Erlebnis.<\/div>\n<div class=\"spanrow\">Wie lange im Voraus muss man buchen?<\/div>\n<div class=\"accord_body\">Die besten Termine sichern Sie sich am besten einige Monate im voraus.Wenn es um Ihren exklusiven Hochzeitszug geht, wird der Termin vermutlich feststehen, beim Betriebsausflug sollten Sie bei der Buchungsanfrage ein, zwei Ausweichtermine angeben. Die Mindestbestellfrist betr\u00e4gt generell nur zwei Wochen, in Ausnahmef\u00e4llen starten wir f\u00fcr Sie auch kurzfristiger.<\/p>\n<\/div>\n<div class=\"spanrow\">Wie erfolgt die Bewirtschaftung im Zug?<\/div>\n<div class=\"accord_body\">Wir arbeiten mit einer Reihe professioneller Cateringunternehmen zusammen, mit denen Sie alle W\u00fcnsche vor Buchung Ihres Zuges ausf\u00fchrlich besprechen k\u00f6nnen.Auf Wunsch k\u00f6nnen Sie unsere Partywagen auch in eigener Regie bewirten, auch im Speisewagen Ihres Geburtstagszuges ist eigenes Catering m\u00f6glich. Der Luxuszug \u201eGourmet-Express\u201c hingegen bietet erlesene Menus und ist daher nur mit seiner ganz speziellen Crew buchbar.<\/p>\n<\/div>\n<div class=\"spanrow\">Kann man die Wagen Ihrer verschiedenen Zugarten \u201emischen\u201c?<\/div>\n<div class=\"accord_body\">Kein Problem: Wenn z.B. die 300 Pl\u00e4tze des \u201eWeinstrasse-Express\u201c nicht reichen, k\u00f6nnen problemlos zwei, drei Speisewagen angeh\u00e4ngt werden und Sie haben bis zu 500 Pl\u00e4tze an Tischen.Auch die \u201eRheingold\u201c- und die \u201eGourmet-Express\u201c-Wagen passen gut zusammen oder der Aussichtswagen in den \u201eWeinstrasse-Express\u201c.<\/p>\n<\/div>\n<div class=\"spanrow\">Wie schnell fahren Ihre Z\u00fcge?<\/div>\n<div class=\"accord_body\">Bei uns ist zun\u00e4chst der Weg das Ziel, weniger die Geschwindigkeit. Unsere Sonderz\u00fcge fahren wir in der Regel mit 140 km\/h, wenn das Ziel z\u00fcgig erreicht werden soll.Schnelle ICE lassen wir gerne mal \u00fcberholen und auch die tunnelreichen an Schallschutzw\u00e4nden reichen Schnellfahrstrecken der Bahn meiden wir.<\/p>\n<p>Lediglich der \u201eGourmet-Express\u201c ist auf Wunsch auch mal mit 200 km\/h unterwegs \u2013 als Messe-Sonderzug zum Beispiel.<\/p>\n<\/div>\n<div class=\"spanrow\">Wo k\u00f6nnen Ihre Sonderz\u00fcge fahren?<\/div>\n<div class=\"accord_body\">Grunds\u00e4tzlich fast \u00fcberall, wo Schienen liegen, also in fast ganz Europa und in der Regel von und zu jedem Bahnhof. Nat\u00fcrlich starten wir auch von Ihrem Firmen-Gleisanschluss, sei es zum Betriebsausflug der ganzen Firma oder z.B. nur mit dem historischen \u201eRheingold\u201c-Speisewagen f\u00fcr bis zu 30 geladene G\u00e4ste.<\/div>\n<div class=\"spanrow\">Wer f\u00e4hrt Ihre Z\u00fcge?<\/div>\n<div class=\"accord_body\">Wenn unsere eigenen Lokomotiven nicht ausreichen, setzen wir moderne Loks verschiedener Eisenbahn-Gesellschaften ein.<br \/>\nViele unserer Lokf\u00fchrer haben noch bei der Deutschen Bundesbahn gelernt.<\/div>\n","protected":false},"excerpt":{"rendered":"<p>Wie hoch sind die Kosten eines Sonderzuges? Je mehr Mitfahrer, um so preiswerter wird die Sonderzugfahrt!Die Grundkosten f\u00fcr die Lokomotive, den Lokf\u00fchrer und den Zugchef (Zugf\u00fchrer) fallen immer an, egal, ob der Zug aus 3 oder 15 Wagen besteht, ob also 100 oder 1\u2019000 Teilnehmer verreisen. Sodann richtet sich der Sonderzugpreis nur noch nach der [&hellip;]<\/p>\n","protected":false},"author":1,"featured_media":0,"parent":0,"menu_order":0,"comment_status":"closed","ping_status":"closed","template":"","meta":{"_monsterinsights_skip_tracking":false,"_monsterinsights_sitenote_active":false,"_monsterinsights_sitenote_note":"","_monsterinsights_sitenote_category":0,"footnotes":""},"class_list":["post-39","page","type-page","status-publish","hentry"],"_links":{"self":[{"href":"https:\/\/2021ag.centralbahn.ch\/index.php\/wp-json\/wp\/v2\/pages\/39","targetHints":{"allow":["GET"]}}],"collection":[{"href":"https:\/\/2021ag.centralbahn.ch\/index.php\/wp-json\/wp\/v2\/pages"}],"about":[{"href":"https:\/\/2021ag.centralbahn.ch\/index.php\/wp-json\/wp\/v2\/types\/page"}],"author":[{"embeddable":true,"href":"https:\/\/2021ag.centralbahn.ch\/index.php\/wp-json\/wp\/v2\/users\/1"}],"replies":[{"embeddable":true,"href":"https:\/\/2021ag.centralbahn.ch\/index.php\/wp-json\/wp\/v2\/comments?post=39"}],"version-history":[{"count":1,"href":"https:\/\/2021ag.centralbahn.ch\/index.php\/wp-json\/wp\/v2\/pages\/39\/revisions"}],"predecessor-version":[{"id":40,"href":"https:\/\/2021ag.centralbahn.ch\/index.php\/wp-json\/wp\/v2\/pages\/39\/revisions\/40"}],"wp:attachment":[{"href":"https:\/\/2021ag.centralbahn.ch\/index.php\/wp-json\/wp\/v2\/media?parent=39"}],"curies":[{"name":"wp","href":"https:\/\/api.w.org\/{rel}","templated":true}]}}