{"id":37,"date":"2021-01-20T11:56:51","date_gmt":"2021-01-20T11:56:51","guid":{"rendered":"https:\/\/2021.centralbahn.ch\/?page_id=37"},"modified":"2021-01-20T11:56:51","modified_gmt":"2021-01-20T11:56:51","slug":"buchungsanfrage","status":"publish","type":"page","link":"https:\/\/2021ag.centralbahn.ch\/index.php\/buchungsanfrage\/","title":{"rendered":"Buchungsanfrage"},"content":{"rendered":"<div class=\"main\">\n<div class=\"content\">\n<article>\n<h1>Buchungsanfrage<\/h1>\n<h4>Bitte unterbreiten Sie mir ein unverbindliches Sonderzugangebot<\/h4>\n<div class=\"spanrow\">\n<div id=\"gform_wrapper_3\" class=\"gf_browser_chrome gform_wrapper\"><a id=\"gf_3\" class=\"gform_anchor\" name=\"gf_3\"><\/a><\/p>\n<form id=\"gform_3\" action=\"https:\/\/centralbahn.ch\/centralbahn-ag-buchungsanfrage\/#gf_3\" enctype=\"multipart\/form-data\" method=\"post\" target=\"gform_ajax_frame_3\">\n<div class=\"gform_body\">\n<ul id=\"gform_fields_3\" class=\"gform_fields top_label description_below\">\n<li id=\"field_3_5\" class=\"gfield\"><label class=\"gfield_label\">Anrede<\/label>\n<div class=\"ginput_container\">\n<ul id=\"input_3_5\" class=\"gfield_radio\">\n<li class=\"gchoice_5_0\"><input id=\"choice_5_0\" tabindex=\"1\" name=\"input_5\" type=\"radio\" value=\"Herr\" \/><label for=\"choice_5_0\">Herr<\/label><\/li>\n<li class=\"gchoice_5_1\"><input id=\"choice_5_1\" tabindex=\"2\" name=\"input_5\" type=\"radio\" value=\"Frau\" \/><label for=\"choice_5_1\">Frau<\/label><\/li>\n<\/ul>\n<\/div>\n<\/li>\n<li id=\"field_3_1\" class=\"gfield               gfield_contains_required\"><label class=\"gfield_label\" for=\"input_3_1\">Name<span class=\"gfield_required\">*<\/span><\/label>\n<div class=\"ginput_container\"><input id=\"input_3_1\" class=\"medium\" tabindex=\"3\" name=\"input_1\" type=\"text\" value=\"\" \/><\/div>\n<\/li>\n<li id=\"field_3_21\" class=\"gfield\"><label class=\"gfield_label\" for=\"input_3_21\">Firma \/ Verein<\/label>\n<div class=\"ginput_container\"><input id=\"input_3_21\" class=\"medium\" tabindex=\"4\" name=\"input_21\" type=\"text\" value=\"\" \/><\/div>\n<\/li>\n<li id=\"field_3_6\" class=\"gfield\"><label class=\"gfield_label\" for=\"input_3_6\">Adresse, PLZ, Ort<\/label>\n<div class=\"ginput_container\"><input id=\"input_3_6\" class=\"medium\" tabindex=\"5\" name=\"input_6\" type=\"text\" value=\"\" \/><\/div>\n<\/li>\n<li id=\"field_3_2\" class=\"gfield               gfield_contains_required\"><label class=\"gfield_label\" for=\"input_3_2\">Telefon<span class=\"gfield_required\">*<\/span><\/label>\n<div class=\"ginput_container\"><input id=\"input_3_2\" class=\"medium\" tabindex=\"6\" name=\"input_2\" type=\"text\" value=\"\" \/><\/div>\n<\/li>\n<li id=\"field_3_3\" class=\"gfield               gfield_contains_required\"><label class=\"gfield_label\" for=\"input_3_3\">E-Mail<span class=\"gfield_required\">*<\/span><\/label>\n<div class=\"ginput_container\"><input id=\"input_3_3\" class=\"medium\" tabindex=\"7\" name=\"input_3\" type=\"text\" value=\"\" \/><\/div>\n<\/li>\n<li id=\"field_3_8\" class=\"gfield               gfield_contains_required\"><label class=\"gfield_label\" for=\"input_3_8\">Abfahrtsbahnhof<span class=\"gfield_required\">*<\/span><\/label>\n<div class=\"ginput_container\"><input id=\"input_3_8\" class=\"medium\" tabindex=\"8\" name=\"input_8\" type=\"text\" value=\"\" \/><\/div>\n<\/li>\n<li id=\"field_3_9\" class=\"gfield               gfield_contains_required\"><label class=\"gfield_label\" for=\"input_3_9\">Zielbahnhof<span class=\"gfield_required\">*<\/span><\/label>\n<div class=\"ginput_container\"><input id=\"input_3_9\" class=\"medium\" tabindex=\"9\" name=\"input_9\" type=\"text\" value=\"\" \/><\/div>\n<\/li>\n<li id=\"field_3_10\" class=\"gfield               gfield_contains_required\"><label class=\"gfield_label\" for=\"input_3_10\">Datum der Hinfahrt<span class=\"gfield_required\">*<\/span><\/label>\n<div class=\"ginput_container\"><input id=\"input_3_10\" class=\"datepicker medium dmy_dash datepicker_no_icon hasDatepicker\" tabindex=\"10\" name=\"input_10\" type=\"text\" value=\"\" \/><\/div>\n<p>&nbsp;<\/li>\n<li id=\"field_3_11\" class=\"gfield\"><label class=\"gfield_label\" for=\"input_3_11\">Ersatzdatum der Hinfahrt<\/label>\n<div class=\"ginput_container\"><input id=\"input_3_11\" class=\"datepicker medium dmy_dash datepicker_no_icon hasDatepicker\" tabindex=\"11\" name=\"input_11\" type=\"text\" value=\"\" \/><\/div>\n<p>&nbsp;<\/li>\n<li id=\"field_3_12\" class=\"gfield               gfield_contains_required\"><label class=\"gfield_label\" for=\"input_3_12\">Datum der R\u00fcckfahrt<span class=\"gfield_required\">*<\/span><\/label>\n<div class=\"ginput_container\"><input id=\"input_3_12\" class=\"datepicker medium dmy_dash datepicker_no_icon hasDatepicker\" tabindex=\"12\" name=\"input_12\" type=\"text\" value=\"\" \/><\/div>\n<p>&nbsp;<\/li>\n<li id=\"field_3_13\" class=\"gfield\"><label class=\"gfield_label\" for=\"input_3_13\">Ersatzdatum der R\u00fcckfahrt<\/label>\n<div class=\"ginput_container\"><input id=\"input_3_13\" class=\"datepicker medium dmy_dash datepicker_no_icon hasDatepicker\" tabindex=\"13\" name=\"input_13\" type=\"text\" value=\"\" \/><\/div>\n<p>&nbsp;<\/li>\n<li id=\"field_3_14\" class=\"gfield\"><label class=\"gfield_label\" for=\"input_3_14\">Anlass der Fahrt (z.B. Betriebsausflug, Hochzeit, Schulfahrt)<\/label>\n<div class=\"ginput_container\"><textarea id=\"input_3_14\" class=\"textarea medium\" tabindex=\"14\" cols=\"50\" name=\"input_14\" rows=\"10\"><\/textarea><\/div>\n<\/li>\n<li id=\"field_3_15\" class=\"gfield               gfield_contains_required\"><label class=\"gfield_label\" for=\"input_3_15\">Anzahl Teilnehmer (ca.)<span class=\"gfield_required\">*<\/span><\/label>\n<div class=\"ginput_container\"><input id=\"input_3_15\" class=\"medium\" tabindex=\"15\" name=\"input_15\" type=\"text\" value=\"\" \/><\/div>\n<\/li>\n<li id=\"field_3_17\" class=\"gfield\"><label class=\"gfield_label\">Wir ben\u00f6tigen einen ganz normalen preiswerten Sonderzug<\/label>\n<div class=\"ginput_container\">\n<ul id=\"input_3_17\" class=\"gfield_checkbox\">\n<li class=\"gchoice_17_1\"><input id=\"choice_17_1\" tabindex=\"16\" name=\"input_17.1\" type=\"checkbox\" value=\"zusammengestellt aus bequemen Abteilwagen 2. Klasse und 1 Partywagen in der Mitte des Zuges.\" \/><label for=\"choice_17_1\">zusammengestellt aus bequemen Abteilwagen 2. Klasse und 1 Partywagen in der Mitte des Zuges.<\/label><\/li>\n<li class=\"gchoice_17_2\"><input id=\"choice_17_2\" tabindex=\"17\" name=\"input_17.2\" type=\"checkbox\" value=\"Es darf ein wenig luxuri\u00f6ser sein mit nostalgischen 1. Klasse-Wagen und grossen Abteilen.\" \/><label for=\"choice_17_2\">Es darf ein wenig luxuri\u00f6ser sein mit nostalgischen 1. Klasse-Wagen und grossen Abteilen.<\/label><\/li>\n<li class=\"gchoice_17_3\"><input id=\"choice_17_3\" tabindex=\"18\" name=\"input_17.3\" type=\"checkbox\" value=\"Da wir mehr als 300 Personen sind, m\u00f6chten wir einen zweiten Partywagen.\" \/><label for=\"choice_17_3\">Da wir mehr als 300 Personen sind, m\u00f6chten wir einen zweiten Partywagen.<\/label><\/li>\n<\/ul>\n<\/div>\n<\/li>\n<li id=\"field_3_18\" class=\"gfield\"><label class=\"gfield_label\">Wir m\u00f6chten es exklusiv und w\u00fcrden gerne reisen im<\/label>\n<div class=\"ginput_container\">\n<ul id=\"input_3_18\" class=\"gfield_checkbox\">\n<li class=\"gchoice_18_1\"><input id=\"choice_18_1\" tabindex=\"19\" name=\"input_18.1\" type=\"checkbox\" value=\"Classic-Courier\" \/><label for=\"choice_18_1\">Classic-Courier<\/label><\/li>\n<li class=\"gchoice_18_2\"><input id=\"choice_18_2\" tabindex=\"20\" name=\"input_18.2\" type=\"checkbox\" value=\"Weinstrasse-Express\" \/><label for=\"choice_18_2\">Weinstrasse-Express<\/label><\/li>\n<li class=\"gchoice_18_3\"><input id=\"choice_18_3\" tabindex=\"21\" name=\"input_18.3\" type=\"checkbox\" value=\"Gourmet-Express\" \/><label for=\"choice_18_3\">Gourmet-Express<\/label><\/li>\n<\/ul>\n<\/div>\n<\/li>\n<li id=\"field_3_19\" class=\"gfield\"><label class=\"gfield_label\" for=\"input_3_19\">Wir w\u00fcrden gerne unseren Sonderzug selbst zusammenstellen und zwar am liebsten aus folgenden Wagen:<\/label>\n<div class=\"ginput_container\"><textarea id=\"input_3_19\" class=\"textarea medium\" tabindex=\"22\" cols=\"50\" name=\"input_19\" rows=\"10\"><\/textarea><\/div>\n<\/li>\n<li id=\"field_3_20\" class=\"gfield\"><label class=\"gfield_label\" for=\"input_3_20\">Wir haben folgende spezielle W\u00fcnsche \/ Ideen \/ Fragen:<\/label>\n<div class=\"ginput_container\"><textarea id=\"input_3_20\" class=\"textarea medium\" tabindex=\"23\" cols=\"50\" name=\"input_20\" rows=\"10\"><\/textarea><\/div>\n<\/li>\n<li id=\"field_3_22\" class=\"gfield               gfield_contains_required\"><label class=\"gfield_label\">Datenschutzerkl\u00e4rung<span class=\"gfield_required\">*<\/span><\/label>\n<div class=\"ginput_container\">\n<ul id=\"input_3_22\" class=\"gfield_checkbox\">\n<li class=\"gchoice_22_1\"><input id=\"choice_22_1\" style=\"margin: 4px 0px 0px; padding: 6px 8px !important; border: 1px solid #cccccc; width: auto !important; transition: all 0.2s ease-in 0s; float: left;\" tabindex=\"24\" name=\"input_22.1\" type=\"checkbox\" value=\"Die &lt;a href=&quot;https:\/\/centralbahn.ch\/datenschutzerklaerung\/&quot; target=&quot;_blank&quot; &gt;Datenschutzerkl\u00e4rung&lt;\/a&gt; der Centralbahn AG habe ich gelesen und akzeptiere diese!\" \/><label for=\"choice_22_1\">Die\u00a0<a href=\"https:\/\/centralbahn.ch\/datenschutzerklaerung\/\" target=\"_blank\" rel=\"noopener\">Datenschutzerkl\u00e4rung<\/a>\u00a0der Centralbahn AG habe ich gelesen und akzeptiere diese!<\/label><\/li>\n<\/ul>\n<\/div>\n<\/li>\n<\/ul>\n<\/div>\n<div class=\"gform_footer top_label\"><input id=\"gform_submit_button_3\" class=\"button gform_button\" tabindex=\"25\" type=\"submit\" value=\"Senden\" \/><\/p>\n<\/div>\n<\/form>\n<\/div>\n<\/div>\n<\/article>\n<\/div>\n<\/div>\n<footer>\n<div class=\"footer_img_wrapper\">\n<div class=\"footer_img\">\n<div class=\"img_footer_hidden\"><\/div>\n<\/div>\n<\/div>\n<\/footer>\n","protected":false},"excerpt":{"rendered":"<p>Buchungsanfrage Bitte unterbreiten Sie mir ein unverbindliches Sonderzugangebot Anrede Herr Frau Name* Firma \/ Verein Adresse, PLZ, Ort Telefon* E-Mail* Abfahrtsbahnhof* Zielbahnhof* Datum der Hinfahrt* &nbsp; Ersatzdatum der Hinfahrt &nbsp; Datum der R\u00fcckfahrt* &nbsp; Ersatzdatum der R\u00fcckfahrt &nbsp; Anlass der Fahrt (z.B. Betriebsausflug, Hochzeit, Schulfahrt) Anzahl Teilnehmer (ca.)* Wir ben\u00f6tigen einen ganz normalen preiswerten Sonderzug [&hellip;]<\/p>\n","protected":false},"author":1,"featured_media":0,"parent":0,"menu_order":0,"comment_status":"closed","ping_status":"closed","template":"","meta":{"_monsterinsights_skip_tracking":false,"_monsterinsights_sitenote_active":false,"_monsterinsights_sitenote_note":"","_monsterinsights_sitenote_category":0,"footnotes":""},"class_list":["post-37","page","type-page","status-publish","hentry"],"_links":{"self":[{"href":"https:\/\/2021ag.centralbahn.ch\/index.php\/wp-json\/wp\/v2\/pages\/37","targetHints":{"allow":["GET"]}}],"collection":[{"href":"https:\/\/2021ag.centralbahn.ch\/index.php\/wp-json\/wp\/v2\/pages"}],"about":[{"href":"https:\/\/2021ag.centralbahn.ch\/index.php\/wp-json\/wp\/v2\/types\/page"}],"author":[{"embeddable":true,"href":"https:\/\/2021ag.centralbahn.ch\/index.php\/wp-json\/wp\/v2\/users\/1"}],"replies":[{"embeddable":true,"href":"https:\/\/2021ag.centralbahn.ch\/index.php\/wp-json\/wp\/v2\/comments?post=37"}],"version-history":[{"count":1,"href":"https:\/\/2021ag.centralbahn.ch\/index.php\/wp-json\/wp\/v2\/pages\/37\/revisions"}],"predecessor-version":[{"id":38,"href":"https:\/\/2021ag.centralbahn.ch\/index.php\/wp-json\/wp\/v2\/pages\/37\/revisions\/38"}],"wp:attachment":[{"href":"https:\/\/2021ag.centralbahn.ch\/index.php\/wp-json\/wp\/v2\/media?parent=37"}],"curies":[{"name":"wp","href":"https:\/\/api.w.org\/{rel}","templated":true}]}}