{"id":35,"date":"2021-01-20T11:56:02","date_gmt":"2021-01-20T11:56:02","guid":{"rendered":"https:\/\/2021.centralbahn.ch\/?page_id=35"},"modified":"2021-06-09T09:16:47","modified_gmt":"2021-06-09T09:16:47","slug":"messe-ausstellungszuege","status":"publish","type":"page","link":"https:\/\/2021ag.centralbahn.ch\/index.php\/messe-ausstellungszuege\/","title":{"rendered":"Messe-\/Ausstellungsz\u00fcge"},"content":{"rendered":"<h1>Messe-\/Ausstellungszug<\/h1>\n<div id=\"metaslider-id-249\" style=\"max-width: 1200px; margin: 0 auto;\" class=\"ml-slider-3-103-0 metaslider metaslider-nivo metaslider-249 ml-slider has-dots-nav ms-theme-default\" role=\"region\" aria-label=\"Ausstellungszug\" data-height=\"500\" data-width=\"1200\">\n    <div id=\"metaslider_container_249\">\n        <div class='slider-wrapper theme-default'><div class='ribbon'><\/div><div id='metaslider_249' class='nivoSlider'><img loading=\"lazy\" decoding=\"async\" src=\"https:\/\/2021ag.centralbahn.ch\/wp-content\/uploads\/2021\/06\/aeg-showtrain-5-200x134-Kopie-200x83.jpg\" height=\"500\" width=\"1200\" title=\"SONY DSC\" alt=\"\" class=\"slider-249 slide-257 msDefaultImage\" \/><img loading=\"lazy\" decoding=\"async\" src=\"https:\/\/2021ag.centralbahn.ch\/wp-content\/uploads\/2021\/06\/aeg-showtrain-6-200x134-Kopie-200x83.jpg\" height=\"500\" width=\"1200\" title=\"SONY DSC\" alt=\"\" class=\"slider-249 slide-258 msDefaultImage\" \/><img loading=\"lazy\" decoding=\"async\" src=\"https:\/\/2021ag.centralbahn.ch\/wp-content\/uploads\/2021\/06\/aeg-showtrain-10-200x134-Kopie-200x83.jpg\" height=\"500\" width=\"1200\" title=\"SONY DSC\" alt=\"\" class=\"slider-249 slide-259 msDefaultImage\" \/><img loading=\"lazy\" decoding=\"async\" src=\"https:\/\/2021ag.centralbahn.ch\/wp-content\/uploads\/2021\/06\/ausstellung_wagen_innen01-e1485450308228-Kopie-200x83.jpg\" height=\"500\" width=\"1200\" title=\"ausstellung_wagen_innen01-e1485450308228 - Kopie\" alt=\"\" class=\"slider-249 slide-261 msDefaultImage\" \/><\/div><\/div>\n        \n    <\/div>\n<\/div>\n<p>Egal ob Sie Ihre neuen Produkte auf innovative Weise pr\u00e4sentieren oder mit einer Kunstausstellung auf Reisen gehen wollen:<br \/>\nmit dem Ausstellungszug stehen Sie auf allen Bahnh\u00f6fen im Mittelpunkt.<br \/>\nWir planen nach Ihren Vorgaben eine Deutschland- oder auch Europa-weite Tour mit Ihrem eigenen Ausstellungszug und Sie laden vor Ort tausende von Besuchern zu sich ein.<\/p>\n<p>Wir bilden Ihren Ausstellungszug aus unseren verschiedenen, modular einzurichtenden Waggons mit gro\u00dfen, frei verf\u00fcgbaren Fl\u00e4chen und eigener Energieversorgung. Damit k\u00f6nnen Sie Ihren Pr\u00e4sentationszug freiz\u00fcgig einrichten. Der ganze Zug erstrahlt im Erscheinungsbild Ihres Unternehmens und am Ausstellungstag binden Sie auch den Bahnsteig in Ihre Pr\u00e4sentation mit ein.<\/p>\n<p>Auch das Catering organisieren wir f\u00fcr Sie in unseren eigenen Speise- oder auch Salonwagen.<\/p>\n<p>Die Centralbahn koordiniert alle eisenbahntechnischen Gegebenheiten zum Thema Ausstellungszug, von der Planung der Trassen und Pr\u00e4sentationsgleise bis hin zur Bahnhofsinfrastruktur, die technische Ausstattung der Fahrzeuge, die Beklebung der Wagen und auf Wunsch der Lokomotive. Skizzieren Sie kurz Ihre Ideen, wir melden uns dann umgehend bei Ihnen.<\/p>\n<p>Oder zusammen mit unserem Partner\u00a0 \u00a0\u00a0 \u00a0\u00a0 <a href=\"https:\/\/fairtrain.biz\/\" target=\"_blank\" rel=\"noopener\"><img loading=\"lazy\" decoding=\"async\" class=\"alignnone\" src=\"https:\/\/fairtrainbiz.files.wordpress.com\/2021\/01\/cropped-23e04-cropped-fairtrain_02.jpg\" alt=\"FairTrain.biz\" width=\"258\" height=\"91\" \/><\/a><\/p>\n","protected":false},"excerpt":{"rendered":"<p>Messe-\/Ausstellungszug Egal ob Sie Ihre neuen Produkte auf innovative Weise pr\u00e4sentieren oder mit einer Kunstausstellung auf Reisen gehen wollen: mit dem Ausstellungszug stehen Sie auf allen Bahnh\u00f6fen im Mittelpunkt. Wir planen nach Ihren Vorgaben eine Deutschland- oder auch Europa-weite Tour mit Ihrem eigenen Ausstellungszug und Sie laden vor Ort tausende von Besuchern zu sich ein. [&hellip;]<\/p>\n","protected":false},"author":1,"featured_media":0,"parent":0,"menu_order":0,"comment_status":"closed","ping_status":"closed","template":"","meta":{"_monsterinsights_skip_tracking":false,"_monsterinsights_sitenote_active":false,"_monsterinsights_sitenote_note":"","_monsterinsights_sitenote_category":0,"footnotes":""},"class_list":["post-35","page","type-page","status-publish","hentry"],"_links":{"self":[{"href":"https:\/\/2021ag.centralbahn.ch\/index.php\/wp-json\/wp\/v2\/pages\/35","targetHints":{"allow":["GET"]}}],"collection":[{"href":"https:\/\/2021ag.centralbahn.ch\/index.php\/wp-json\/wp\/v2\/pages"}],"about":[{"href":"https:\/\/2021ag.centralbahn.ch\/index.php\/wp-json\/wp\/v2\/types\/page"}],"author":[{"embeddable":true,"href":"https:\/\/2021ag.centralbahn.ch\/index.php\/wp-json\/wp\/v2\/users\/1"}],"replies":[{"embeddable":true,"href":"https:\/\/2021ag.centralbahn.ch\/index.php\/wp-json\/wp\/v2\/comments?post=35"}],"version-history":[{"count":8,"href":"https:\/\/2021ag.centralbahn.ch\/index.php\/wp-json\/wp\/v2\/pages\/35\/revisions"}],"predecessor-version":[{"id":263,"href":"https:\/\/2021ag.centralbahn.ch\/index.php\/wp-json\/wp\/v2\/pages\/35\/revisions\/263"}],"wp:attachment":[{"href":"https:\/\/2021ag.centralbahn.ch\/index.php\/wp-json\/wp\/v2\/media?parent=35"}],"curies":[{"name":"wp","href":"https:\/\/api.w.org\/{rel}","templated":true}]}}