{"id":33,"date":"2021-01-20T11:55:05","date_gmt":"2021-01-20T11:55:05","guid":{"rendered":"https:\/\/2021.centralbahn.ch\/?page_id=33"},"modified":"2021-07-28T08:04:11","modified_gmt":"2021-07-28T08:04:11","slug":"betriebsausflug","status":"publish","type":"page","link":"https:\/\/2021ag.centralbahn.ch\/index.php\/betriebsausflug\/","title":{"rendered":"Betriebsausflug"},"content":{"rendered":"<h1>Sonderz\u00fcge ab 150 bis 1000 Personen<\/h1>\n<p><strong>Der Weg ist das Ziel!<\/strong><\/p>\n<p>Sonderz\u00fcge f\u00fcr gro\u00dfe Gruppen bilden wir aus sehr gem\u00fctlichen, nostalgischen Schnellzugwagen, die \u00fcber 10-12 Abteile f\u00fcr je 6 Personen verf\u00fcgen. Bei allen Wagen k\u00f6nnen die Fenster noch richtig ge\u00f6ffnet werden und jedes einzelne Abteil hat regelbare Lautsprecher f\u00fcr Musik oder Durchsagen. In der Mitte des Zuges befindet sich der Party- oder Tanzwagen, der \u00fcber eine oder sogar zwei Bars verf\u00fcgt sowie \u00fcber eine Tonkabine und ein Reiseleiterabteil; auf der anderen Seite des Partywagens befindet sich eine kleine K\u00fcche mit einem gro\u00dfen K\u00fchlraum. Ihr Sonderzug f\u00fcr gro\u00dfe Gruppen kann aus bis zu 15 Wagen bestehen: Jeder Wagen 1. Klasse hat 10 ger\u00e4umige Abteile mit je 6 Pl\u00e4tzen = 60 Pl\u00e4tze pro Wagen. F\u00fcr 360 Personen ben\u00f6tigen Sie also 6 Wagen. Oder 9, wenn Sie pro Abteil nur 4 Personen einplanen. Preiswerter wird es mit Wagen 2. Klasse, die \u00fcber je 12 Abteile = 72 Pl\u00e4tze verf\u00fcgen. Mittelpunkt jedes Sonderzuges ist der Partywagen mit Tonkabine, vielen K\u00fchlschr\u00e4nken, einer gem\u00fctlichen Theke und viel Platz zum Feiern. Ab 400 Personen empfiehlt sich das Mitf\u00fchren von zwei Partywagen.<\/p>\n<p><img loading=\"lazy\" decoding=\"async\" class=\"size-medium wp-image-152 alignleft\" src=\"https:\/\/2021-2.centralbahn.ch\/wp-content\/uploads\/2021\/01\/cb11-300x200.jpg\" alt=\"\" width=\"300\" height=\"200\" srcset=\"https:\/\/2021ag.centralbahn.ch\/wp-content\/uploads\/2021\/01\/cb11-300x200.jpg 300w, https:\/\/2021ag.centralbahn.ch\/wp-content\/uploads\/2021\/01\/cb11-768x511.jpg 768w, https:\/\/2021ag.centralbahn.ch\/wp-content\/uploads\/2021\/01\/cb11.jpg 1000w\" sizes=\"auto, (max-width: 300px) 100vw, 300px\" \/>\u00a0 \u00a0 \u00a0 <img loading=\"lazy\" decoding=\"async\" class=\"size-medium wp-image-139 alignleft\" src=\"https:\/\/2021-2.centralbahn.ch\/wp-content\/uploads\/2021\/01\/59244003_2143851412370411_7964663821300137984_n-300x200.jpg\" alt=\"\" width=\"300\" height=\"200\" srcset=\"https:\/\/2021ag.centralbahn.ch\/wp-content\/uploads\/2021\/01\/59244003_2143851412370411_7964663821300137984_n-300x200.jpg 300w, https:\/\/2021ag.centralbahn.ch\/wp-content\/uploads\/2021\/01\/59244003_2143851412370411_7964663821300137984_n.jpg 720w\" sizes=\"auto, (max-width: 300px) 100vw, 300px\" \/>\u00a0 \u00a0 \u00a0 <img loading=\"lazy\" decoding=\"async\" class=\"size-medium wp-image-134 alignleft\" src=\"https:\/\/2021-2.centralbahn.ch\/wp-content\/uploads\/2021\/01\/379839_448275181928051_1509626837_n-300x200.jpg\" alt=\"\" width=\"300\" height=\"200\" srcset=\"https:\/\/2021ag.centralbahn.ch\/wp-content\/uploads\/2021\/01\/379839_448275181928051_1509626837_n-300x200.jpg 300w, https:\/\/2021ag.centralbahn.ch\/wp-content\/uploads\/2021\/01\/379839_448275181928051_1509626837_n-768x512.jpg 768w, https:\/\/2021ag.centralbahn.ch\/wp-content\/uploads\/2021\/01\/379839_448275181928051_1509626837_n.jpg 960w\" sizes=\"auto, (max-width: 300px) 100vw, 300px\" \/><\/p>\n","protected":false},"excerpt":{"rendered":"<p>Sonderz\u00fcge ab 150 bis 1000 Personen Der Weg ist das Ziel! Sonderz\u00fcge f\u00fcr gro\u00dfe Gruppen bilden wir aus sehr gem\u00fctlichen, nostalgischen Schnellzugwagen, die \u00fcber 10-12 Abteile f\u00fcr je 6 Personen verf\u00fcgen. Bei allen Wagen k\u00f6nnen die Fenster noch richtig ge\u00f6ffnet werden und jedes einzelne Abteil hat regelbare Lautsprecher f\u00fcr Musik oder Durchsagen. In der Mitte [&hellip;]<\/p>\n","protected":false},"author":1,"featured_media":0,"parent":0,"menu_order":0,"comment_status":"closed","ping_status":"closed","template":"","meta":{"_monsterinsights_skip_tracking":false,"_monsterinsights_sitenote_active":false,"_monsterinsights_sitenote_note":"","_monsterinsights_sitenote_category":0,"footnotes":""},"class_list":["post-33","page","type-page","status-publish","hentry"],"_links":{"self":[{"href":"https:\/\/2021ag.centralbahn.ch\/index.php\/wp-json\/wp\/v2\/pages\/33","targetHints":{"allow":["GET"]}}],"collection":[{"href":"https:\/\/2021ag.centralbahn.ch\/index.php\/wp-json\/wp\/v2\/pages"}],"about":[{"href":"https:\/\/2021ag.centralbahn.ch\/index.php\/wp-json\/wp\/v2\/types\/page"}],"author":[{"embeddable":true,"href":"https:\/\/2021ag.centralbahn.ch\/index.php\/wp-json\/wp\/v2\/users\/1"}],"replies":[{"embeddable":true,"href":"https:\/\/2021ag.centralbahn.ch\/index.php\/wp-json\/wp\/v2\/comments?post=33"}],"version-history":[{"count":5,"href":"https:\/\/2021ag.centralbahn.ch\/index.php\/wp-json\/wp\/v2\/pages\/33\/revisions"}],"predecessor-version":[{"id":282,"href":"https:\/\/2021ag.centralbahn.ch\/index.php\/wp-json\/wp\/v2\/pages\/33\/revisions\/282"}],"wp:attachment":[{"href":"https:\/\/2021ag.centralbahn.ch\/index.php\/wp-json\/wp\/v2\/media?parent=33"}],"curies":[{"name":"wp","href":"https:\/\/api.w.org\/{rel}","templated":true}]}}