{"id":290,"date":"2021-10-01T10:45:24","date_gmt":"2021-10-01T10:45:24","guid":{"rendered":"https:\/\/2021ag.centralbahn.ch\/?page_id=290"},"modified":"2021-10-01T10:45:24","modified_gmt":"2021-10-01T10:45:24","slug":"unsere-kuppelwagen","status":"publish","type":"page","link":"https:\/\/2021ag.centralbahn.ch\/index.php\/unsere-kuppelwagen\/","title":{"rendered":"Unsere Kuppelwagen"},"content":{"rendered":"<p>Adapterwagen f\u00fcr Neubaufahrzeuge<\/p>\n<p>Die Centralbahn verf\u00fcgt \u00fcber vier Adapterwagen, mit denen neue, noch nicht zugelassene Lokomotiven und Triebwagen in Europa \u00fcberf\u00fchrt werden k\u00f6nnen.<\/p>\n<p><img loading=\"lazy\" decoding=\"async\" class=\"alignleft wp-image-291 size-medium\" src=\"https:\/\/2021ag.centralbahn.ch\/wp-content\/uploads\/2021\/10\/Kuppelwagen1-300x200.jpg\" alt=\"\" width=\"300\" height=\"200\" srcset=\"https:\/\/2021ag.centralbahn.ch\/wp-content\/uploads\/2021\/10\/Kuppelwagen1-300x200.jpg 300w, https:\/\/2021ag.centralbahn.ch\/wp-content\/uploads\/2021\/10\/Kuppelwagen1-1024x683.jpg 1024w, https:\/\/2021ag.centralbahn.ch\/wp-content\/uploads\/2021\/10\/Kuppelwagen1-768x512.jpg 768w, https:\/\/2021ag.centralbahn.ch\/wp-content\/uploads\/2021\/10\/Kuppelwagen1-1536x1024.jpg 1536w, https:\/\/2021ag.centralbahn.ch\/wp-content\/uploads\/2021\/10\/Kuppelwagen1-2048x1365.jpg 2048w\" sizes=\"auto, (max-width: 300px) 100vw, 300px\" \/><img loading=\"lazy\" decoding=\"async\" class=\"size-medium wp-image-292 alignleft\" src=\"https:\/\/2021ag.centralbahn.ch\/wp-content\/uploads\/2021\/10\/Kuppelwagen2-300x200.jpg\" alt=\"\" width=\"300\" height=\"200\" srcset=\"https:\/\/2021ag.centralbahn.ch\/wp-content\/uploads\/2021\/10\/Kuppelwagen2-300x200.jpg 300w, https:\/\/2021ag.centralbahn.ch\/wp-content\/uploads\/2021\/10\/Kuppelwagen2-1024x683.jpg 1024w, https:\/\/2021ag.centralbahn.ch\/wp-content\/uploads\/2021\/10\/Kuppelwagen2-768x512.jpg 768w, https:\/\/2021ag.centralbahn.ch\/wp-content\/uploads\/2021\/10\/Kuppelwagen2-1536x1024.jpg 1536w, https:\/\/2021ag.centralbahn.ch\/wp-content\/uploads\/2021\/10\/Kuppelwagen2-2048x1365.jpg 2048w\" sizes=\"auto, (max-width: 300px) 100vw, 300px\" \/><img loading=\"lazy\" decoding=\"async\" class=\"size-medium wp-image-295 alignleft\" src=\"https:\/\/2021ag.centralbahn.ch\/wp-content\/uploads\/2021\/10\/Kuppelwagen5-300x200.jpg\" alt=\"\" width=\"300\" height=\"200\" srcset=\"https:\/\/2021ag.centralbahn.ch\/wp-content\/uploads\/2021\/10\/Kuppelwagen5-300x200.jpg 300w, https:\/\/2021ag.centralbahn.ch\/wp-content\/uploads\/2021\/10\/Kuppelwagen5-1024x683.jpg 1024w, https:\/\/2021ag.centralbahn.ch\/wp-content\/uploads\/2021\/10\/Kuppelwagen5-768x512.jpg 768w, https:\/\/2021ag.centralbahn.ch\/wp-content\/uploads\/2021\/10\/Kuppelwagen5-1536x1024.jpg 1536w, https:\/\/2021ag.centralbahn.ch\/wp-content\/uploads\/2021\/10\/Kuppelwagen5-2048x1365.jpg 2048w\" sizes=\"auto, (max-width: 300px) 100vw, 300px\" \/><\/p>\n","protected":false},"excerpt":{"rendered":"<p>Adapterwagen f\u00fcr Neubaufahrzeuge Die Centralbahn verf\u00fcgt \u00fcber vier Adapterwagen, mit denen neue, noch nicht zugelassene Lokomotiven und Triebwagen in Europa \u00fcberf\u00fchrt werden k\u00f6nnen.<\/p>\n","protected":false},"author":1,"featured_media":0,"parent":0,"menu_order":0,"comment_status":"closed","ping_status":"closed","template":"","meta":{"_monsterinsights_skip_tracking":false,"_monsterinsights_sitenote_active":false,"_monsterinsights_sitenote_note":"","_monsterinsights_sitenote_category":0,"footnotes":""},"class_list":["post-290","page","type-page","status-publish","hentry"],"_links":{"self":[{"href":"https:\/\/2021ag.centralbahn.ch\/index.php\/wp-json\/wp\/v2\/pages\/290","targetHints":{"allow":["GET"]}}],"collection":[{"href":"https:\/\/2021ag.centralbahn.ch\/index.php\/wp-json\/wp\/v2\/pages"}],"about":[{"href":"https:\/\/2021ag.centralbahn.ch\/index.php\/wp-json\/wp\/v2\/types\/page"}],"author":[{"embeddable":true,"href":"https:\/\/2021ag.centralbahn.ch\/index.php\/wp-json\/wp\/v2\/users\/1"}],"replies":[{"embeddable":true,"href":"https:\/\/2021ag.centralbahn.ch\/index.php\/wp-json\/wp\/v2\/comments?post=290"}],"version-history":[{"count":3,"href":"https:\/\/2021ag.centralbahn.ch\/index.php\/wp-json\/wp\/v2\/pages\/290\/revisions"}],"predecessor-version":[{"id":304,"href":"https:\/\/2021ag.centralbahn.ch\/index.php\/wp-json\/wp\/v2\/pages\/290\/revisions\/304"}],"wp:attachment":[{"href":"https:\/\/2021ag.centralbahn.ch\/index.php\/wp-json\/wp\/v2\/media?parent=290"}],"curies":[{"name":"wp","href":"https:\/\/api.w.org\/{rel}","templated":true}]}}