{"id":2,"date":"2021-01-20T10:50:28","date_gmt":"2021-01-20T10:50:28","guid":{"rendered":"https:\/\/2021.centralbahn.ch\/?page_id=2"},"modified":"2021-01-21T17:58:55","modified_gmt":"2021-01-21T17:58:55","slug":"sample-page","status":"publish","type":"page","link":"https:\/\/2021ag.centralbahn.ch\/","title":{"rendered":"Ihr Sonderzug"},"content":{"rendered":"\r\n<h1><div id=\"metaslider-id-85\" style=\"width: 100%;\" class=\"ml-slider-3-103-0 metaslider metaslider-flex metaslider-85 ml-slider has-dots-nav ms-theme-default\" role=\"region\" aria-label=\"Ausstellunszug\" data-height=\"300\" data-width=\"1200\">\n    <div id=\"metaslider_container_85\">\n        <div id=\"metaslider_85\">\n            <ul class='slides'>\n                <li style=\"display: block; width: 100%;\" class=\"slide-86 ms-image \" aria-roledescription=\"slide\" data-date=\"2021-01-20 13:46:14\" data-slide-type=\"image\"><img loading=\"lazy\" decoding=\"async\" src=\"https:\/\/2021ag.centralbahn.ch\/wp-content\/uploads\/2021\/01\/cb24-1200x300.jpg\" height=\"300\" width=\"1200\" alt=\"\" class=\"slider-85 slide-86 msDefaultImage\" title=\"cb24\" \/><\/li>\n                <li style=\"display: none; width: 100%;\" class=\"slide-87 ms-image \" aria-roledescription=\"slide\" data-date=\"2021-01-20 13:46:14\" data-slide-type=\"image\"><img loading=\"lazy\" decoding=\"async\" src=\"https:\/\/2021ag.centralbahn.ch\/wp-content\/uploads\/2021\/01\/cb22-1200x300.jpg\" height=\"300\" width=\"1200\" alt=\"\" class=\"slider-85 slide-87 msDefaultImage\" title=\"cb22\" \/><\/li>\n                <li style=\"display: none; width: 100%;\" class=\"slide-169 ms-image \" aria-roledescription=\"slide\" data-date=\"2021-01-21 18:13:02\" data-slide-type=\"image\"><img loading=\"lazy\" decoding=\"async\" src=\"https:\/\/2021ag.centralbahn.ch\/wp-content\/uploads\/2021\/01\/cb14-e1611748237570-599x149.jpg\" height=\"300\" width=\"1200\" alt=\"\" class=\"slider-85 slide-169 msDefaultImage\" title=\"cb14\" \/><\/li>\n            <\/ul>\n        <\/div>\n        \n    <\/div>\n<\/div><\/h1>\r\n<h1>Wir veranstalten und vermieten einmalige Sonderz\u00fcge\u2026\u00a0\u00a0\u00a0\u00a0\u00a0\u00a0\u00a0\u00a0\u00a0<\/h1>\r\n<div class=\"col-md-12\">Die Centralbahn AG ist ein f\u00fchrender Veranstalter von Sonderz\u00fcgen, geplant und durchgef\u00fchrt von Mitarbeitern, die zum Teil \u00fcber 40 Jahre \u201eSonderzugerfahrung\u201c mitbringen. Zusammen mit Partnern in Stuttgart, K\u00f6ln, Trier, M\u00f6nchengladbach, Bremen und Basel disponieren wir eine Sonderzug-Flotte bestehend aus mehr als 80 Reisezugwagen verschiedenster Bauarten, \u00fcberwiegend sehr bequeme nostalgische Reisezugwagen, dazu zahlreiche Party-, Speise- und exklusive Salonwagen. Wir starten mit unseren Sonderz\u00fcgen in der Regel in Hamburg, Hannover, Berlin, Bremen, Osnabr\u00fcck, M\u00fcnster, Dortmund, K\u00f6ln, M\u00f6nchengladbach, Koblenz, Darmstadt, Kassel, Karlsruhe, Stuttgart, Ulm, M\u00fcnchen und N\u00fcrnberg sowie in Basel, Z\u00fcrich, Salzburg, Amsterdam und Wien. Sechs elektrische Lokomotiven und mehr als 80 Waggons vermieten wir das ganze Jahr \u00fcber f\u00fcr Firmenfahrten, Betriebs- und Schulausfl\u00fcge, Messe- und Sportsonderz\u00fcge, Jubil\u00e4ums- und Partyfahrten, aber auch f\u00fcr edle Gourmet-Speisewagen-Z\u00fcge und luxuri\u00f6se Events.<\/div>\r\n","protected":false},"excerpt":{"rendered":"<p>Wir veranstalten und vermieten einmalige Sonderz\u00fcge\u2026\u00a0\u00a0\u00a0\u00a0\u00a0\u00a0\u00a0\u00a0\u00a0 Die Centralbahn AG ist ein f\u00fchrender Veranstalter von Sonderz\u00fcgen, geplant und durchgef\u00fchrt von Mitarbeitern, die zum Teil \u00fcber 40 Jahre \u201eSonderzugerfahrung\u201c mitbringen. Zusammen mit Partnern in Stuttgart, K\u00f6ln, Trier, M\u00f6nchengladbach, Bremen und Basel disponieren wir eine Sonderzug-Flotte bestehend aus mehr als 80 Reisezugwagen verschiedenster Bauarten, \u00fcberwiegend sehr bequeme nostalgische [&hellip;]<\/p>\n","protected":false},"author":1,"featured_media":0,"parent":0,"menu_order":0,"comment_status":"closed","ping_status":"closed","template":"","meta":{"_monsterinsights_skip_tracking":false,"_monsterinsights_sitenote_active":false,"_monsterinsights_sitenote_note":"","_monsterinsights_sitenote_category":0,"footnotes":""},"class_list":["post-2","page","type-page","status-publish","hentry"],"_links":{"self":[{"href":"https:\/\/2021ag.centralbahn.ch\/index.php\/wp-json\/wp\/v2\/pages\/2","targetHints":{"allow":["GET"]}}],"collection":[{"href":"https:\/\/2021ag.centralbahn.ch\/index.php\/wp-json\/wp\/v2\/pages"}],"about":[{"href":"https:\/\/2021ag.centralbahn.ch\/index.php\/wp-json\/wp\/v2\/types\/page"}],"author":[{"embeddable":true,"href":"https:\/\/2021ag.centralbahn.ch\/index.php\/wp-json\/wp\/v2\/users\/1"}],"replies":[{"embeddable":true,"href":"https:\/\/2021ag.centralbahn.ch\/index.php\/wp-json\/wp\/v2\/comments?post=2"}],"version-history":[{"count":9,"href":"https:\/\/2021ag.centralbahn.ch\/index.php\/wp-json\/wp\/v2\/pages\/2\/revisions"}],"predecessor-version":[{"id":84,"href":"https:\/\/2021ag.centralbahn.ch\/index.php\/wp-json\/wp\/v2\/pages\/2\/revisions\/84"}],"wp:attachment":[{"href":"https:\/\/2021ag.centralbahn.ch\/index.php\/wp-json\/wp\/v2\/media?parent=2"}],"curies":[{"name":"wp","href":"https:\/\/api.w.org\/{rel}","templated":true}]}}