{"id":14,"date":"2021-01-20T11:48:48","date_gmt":"2021-01-20T11:48:48","guid":{"rendered":"https:\/\/2021.centralbahn.ch\/?page_id=14"},"modified":"2021-07-28T08:07:14","modified_gmt":"2021-07-28T08:07:14","slug":"fahrzeugflotte","status":"publish","type":"page","link":"https:\/\/2021ag.centralbahn.ch\/index.php\/fahrzeugflotte\/","title":{"rendered":"Fahrzeugflotte"},"content":{"rendered":"<header class=\"entry-header ast-no-thumbnail ast-no-meta\">\n<h1 class=\"entry-title\"><span style=\"font-size: 16px;\">Die eigene Flotte besteht aus mehr als 50 Reisezugwagen und 5 elektrischen Lokomotiven. Jahr f\u00fcr Jahr werden alleine in Deutschland \u00fcber 250 Sonderz\u00fcge auf die Reise geschickt, geplant und organisiert mit Partnern in ganz Deutschland.<\/span><\/h1>\n<\/header>\n<div class=\"entry-content clear\">\n<div class=\"spanrow\">\n<h3 class=\"col-md-9\"><strong><a href=\"http:\/\/localhost\/joomla_cb\/index.php\/fahrzeugflotte\/lokomotiven\">Unsere Lokomotiven<\/a><\/strong><\/h3>\n<p>Wir verf\u00fcgen \u00fcber eine Anzahl von elektrische Lokomotive, schnell und Leistungsstark. Unsere \u201eschnellste\u201c ist f\u00fcr 150 km\/h zugelassen, unsere st\u00e4rkste immerhin noch f\u00fcr 100 km\/h, bei 2800 kW Dauerleistung ist ihr kaum ein Zug zu schwer.<\/p>\n<\/div>\n<hr \/>\n<h3 class=\"spanrow\"><a id=\"suico_60081b05653c5\" class=\"su-icon square-size\" href=\"http:\/\/localhost\/joomla_is\/index.php\/fahrzeugflotte\/wagen\" target=\"_blank\" rel=\"noopener\"><i class=\"fa fa-opencart\"><\/i><\/a><strong>\u00a0<a href=\"http:\/\/localhost\/joomla_cb\/index.php\/fahrzeugflotte\/wagen\">Unsere Reisezugwagen<\/a><\/strong><\/h3>\n<p>Die Flotte der Centralbahn wird aus bequemen Schnellzugwagen, Barwagen und Speisewagen gebildet. Mehr als 50 Wagen stehen Ihnen zur Verf\u00fcgung.<\/p>\n<\/div>\n","protected":false},"excerpt":{"rendered":"<p>Die eigene Flotte besteht aus mehr als 50 Reisezugwagen und 5 elektrischen Lokomotiven. Jahr f\u00fcr Jahr werden alleine in Deutschland \u00fcber 250 Sonderz\u00fcge auf die Reise geschickt, geplant und organisiert mit Partnern in ganz Deutschland. Unsere Lokomotiven Wir verf\u00fcgen \u00fcber eine Anzahl von elektrische Lokomotive, schnell und Leistungsstark. Unsere \u201eschnellste\u201c ist f\u00fcr 150 km\/h zugelassen, [&hellip;]<\/p>\n","protected":false},"author":1,"featured_media":0,"parent":0,"menu_order":0,"comment_status":"closed","ping_status":"closed","template":"","meta":{"_monsterinsights_skip_tracking":false,"_monsterinsights_sitenote_active":false,"_monsterinsights_sitenote_note":"","_monsterinsights_sitenote_category":0,"footnotes":""},"class_list":["post-14","page","type-page","status-publish","hentry"],"_links":{"self":[{"href":"https:\/\/2021ag.centralbahn.ch\/index.php\/wp-json\/wp\/v2\/pages\/14","targetHints":{"allow":["GET"]}}],"collection":[{"href":"https:\/\/2021ag.centralbahn.ch\/index.php\/wp-json\/wp\/v2\/pages"}],"about":[{"href":"https:\/\/2021ag.centralbahn.ch\/index.php\/wp-json\/wp\/v2\/types\/page"}],"author":[{"embeddable":true,"href":"https:\/\/2021ag.centralbahn.ch\/index.php\/wp-json\/wp\/v2\/users\/1"}],"replies":[{"embeddable":true,"href":"https:\/\/2021ag.centralbahn.ch\/index.php\/wp-json\/wp\/v2\/comments?post=14"}],"version-history":[{"count":5,"href":"https:\/\/2021ag.centralbahn.ch\/index.php\/wp-json\/wp\/v2\/pages\/14\/revisions"}],"predecessor-version":[{"id":284,"href":"https:\/\/2021ag.centralbahn.ch\/index.php\/wp-json\/wp\/v2\/pages\/14\/revisions\/284"}],"wp:attachment":[{"href":"https:\/\/2021ag.centralbahn.ch\/index.php\/wp-json\/wp\/v2\/media?parent=14"}],"curies":[{"name":"wp","href":"https:\/\/api.w.org\/{rel}","templated":true}]}}