{"id":110,"date":"2021-01-21T17:43:59","date_gmt":"2021-01-21T17:43:59","guid":{"rendered":"https:\/\/2021.centralbahn.ch\/?page_id=110"},"modified":"2021-10-08T08:30:21","modified_gmt":"2021-10-08T08:30:21","slug":"ansprechpartner","status":"publish","type":"page","link":"https:\/\/2021ag.centralbahn.ch\/index.php\/ansprechpartner\/","title":{"rendered":"\u00a0Ansprechpartner"},"content":{"rendered":"<div id=\"c816\" class=\"csc-default\">\n<div class=\"csc-header csc-header-n1\">\n<h4 class=\"csc-firstHeader\"><span style=\"font-size: 1.7em; font-weight: bold;\">Kontaktieren Sie uns f\u00fcr eine individuelle Beratung!<\/span><\/h4>\n<\/div>\n<\/div>\n<div id=\"c817\" class=\"csc-default\">\n<p class=\"bodytext\"><span class=\"introtext\">F\u00fcr jeden Anlass und f\u00fcr jede Gruppengr\u00f6\u00dfe (50 \u2013 1.000 Fahrg\u00e4ste) bieten wir Ihnen ein ma\u00dfgeschneidertes Angebot, dessen Erstellung selbstverst\u00e4ndlich kostenfrei ist. <\/span><\/p>\n<p class=\"bodytext\"><span class=\"introtext\">Dabei beginnt der Service bei uns bereits in der ausf\u00fchrlichen Beratung vor den Sonderzugfahrten. W\u00e4hrend Ihres Events steht Ihnen zudem ein pers\u00f6nlicher Kundenbetreuer zu Ihrer Verf\u00fcgung.<\/span><\/p>\n<\/div>\n<div id=\"c3326\" class=\"csc-default\">\n<div class=\"csc-header csc-header-n3\">\n<h3>Kontakt<\/h3>\n<div class=\"spanrow\">\n<h4 class=\"col-md-3\"><strong>Centralbahn AG<\/strong><br \/>\nCentralbahnstrasse 7<br \/>\n4051 Basel Schweiz<\/h4>\n<h4 class=\"col-md-3\">Tel:\u00a0 +41 61 273 02 40<br \/>\nFax: +41 61 273 02 41<br \/>\nE-Mail:\u00a0<a href=\"mailto:info@centralbahn.ch\">info@centralbahn.ch<\/a><\/h4>\n\n<div class=\"wpcf7 no-js\" id=\"wpcf7-f5-o1\" lang=\"de-DE\" dir=\"ltr\" data-wpcf7-id=\"5\">\n<div class=\"screen-reader-response\"><p role=\"status\" aria-live=\"polite\" aria-atomic=\"true\"><\/p> <ul><\/ul><\/div>\n<form action=\"\/index.php\/wp-json\/wp\/v2\/pages\/110#wpcf7-f5-o1\" method=\"post\" class=\"wpcf7-form init\" aria-label=\"Kontaktformular\" novalidate=\"novalidate\" data-status=\"init\">\n<fieldset class=\"hidden-fields-container\"><input type=\"hidden\" name=\"_wpcf7\" value=\"5\" \/><input type=\"hidden\" name=\"_wpcf7_version\" value=\"6.1.4\" \/><input type=\"hidden\" name=\"_wpcf7_locale\" value=\"de_DE\" \/><input type=\"hidden\" name=\"_wpcf7_unit_tag\" value=\"wpcf7-f5-o1\" \/><input type=\"hidden\" name=\"_wpcf7_container_post\" value=\"0\" \/><input type=\"hidden\" name=\"_wpcf7_posted_data_hash\" value=\"\" \/>\n<\/fieldset>\n<p><label> Ihr Name<br \/>\n<span class=\"wpcf7-form-control-wrap\" data-name=\"your-name\"><input size=\"40\" maxlength=\"400\" class=\"wpcf7-form-control wpcf7-text wpcf7-validates-as-required\" aria-required=\"true\" aria-invalid=\"false\" value=\"\" type=\"text\" name=\"your-name\" \/><\/span> <\/label><br \/>\n<label> Ihre Email<br \/>\n<span class=\"wpcf7-form-control-wrap\" data-name=\"your-email\"><input size=\"40\" maxlength=\"400\" class=\"wpcf7-form-control wpcf7-email wpcf7-validates-as-required wpcf7-text wpcf7-validates-as-email\" aria-required=\"true\" aria-invalid=\"false\" value=\"\" type=\"email\" name=\"your-email\" \/><\/span> <\/label><br \/>\n<label> Betreff<br \/>\n<span class=\"wpcf7-form-control-wrap\" data-name=\"your-subject\"><input size=\"40\" maxlength=\"400\" class=\"wpcf7-form-control wpcf7-text wpcf7-validates-as-required\" aria-required=\"true\" aria-invalid=\"false\" value=\"\" type=\"text\" name=\"your-subject\" \/><\/span> <\/label><br \/>\n<label> Ihre Nachricht (optional)<br \/>\n<span class=\"wpcf7-form-control-wrap\" data-name=\"your-message\"><textarea cols=\"40\" rows=\"10\" maxlength=\"2000\" class=\"wpcf7-form-control wpcf7-textarea\" aria-invalid=\"false\" name=\"your-message\"><\/textarea><\/span> <\/label><br \/>\n<input class=\"wpcf7-form-control wpcf7-submit has-spinner\" type=\"submit\" value=\"Absenden\" \/>\n<\/p><div class=\"wpcf7-response-output\" aria-hidden=\"true\"><\/div>\n<\/form>\n<\/div>\n\n<\/div>\n<\/div>\n<\/div>\n","protected":false},"excerpt":{"rendered":"<p>Kontaktieren Sie uns f\u00fcr eine individuelle Beratung! F\u00fcr jeden Anlass und f\u00fcr jede Gruppengr\u00f6\u00dfe (50 \u2013 1.000 Fahrg\u00e4ste) bieten wir Ihnen ein ma\u00dfgeschneidertes Angebot, dessen Erstellung selbstverst\u00e4ndlich kostenfrei ist. Dabei beginnt der Service bei uns bereits in der ausf\u00fchrlichen Beratung vor den Sonderzugfahrten. W\u00e4hrend Ihres Events steht Ihnen zudem ein pers\u00f6nlicher Kundenbetreuer zu Ihrer Verf\u00fcgung. [&hellip;]<\/p>\n","protected":false},"author":1,"featured_media":0,"parent":0,"menu_order":0,"comment_status":"closed","ping_status":"closed","template":"","meta":{"_monsterinsights_skip_tracking":false,"_monsterinsights_sitenote_active":false,"_monsterinsights_sitenote_note":"","_monsterinsights_sitenote_category":0,"footnotes":""},"class_list":["post-110","page","type-page","status-publish","hentry"],"_links":{"self":[{"href":"https:\/\/2021ag.centralbahn.ch\/index.php\/wp-json\/wp\/v2\/pages\/110","targetHints":{"allow":["GET"]}}],"collection":[{"href":"https:\/\/2021ag.centralbahn.ch\/index.php\/wp-json\/wp\/v2\/pages"}],"about":[{"href":"https:\/\/2021ag.centralbahn.ch\/index.php\/wp-json\/wp\/v2\/types\/page"}],"author":[{"embeddable":true,"href":"https:\/\/2021ag.centralbahn.ch\/index.php\/wp-json\/wp\/v2\/users\/1"}],"replies":[{"embeddable":true,"href":"https:\/\/2021ag.centralbahn.ch\/index.php\/wp-json\/wp\/v2\/comments?post=110"}],"version-history":[{"count":12,"href":"https:\/\/2021ag.centralbahn.ch\/index.php\/wp-json\/wp\/v2\/pages\/110\/revisions"}],"predecessor-version":[{"id":307,"href":"https:\/\/2021ag.centralbahn.ch\/index.php\/wp-json\/wp\/v2\/pages\/110\/revisions\/307"}],"wp:attachment":[{"href":"https:\/\/2021ag.centralbahn.ch\/index.php\/wp-json\/wp\/v2\/media?parent=110"}],"curies":[{"name":"wp","href":"https:\/\/api.w.org\/{rel}","templated":true}]}}