{"id":106,"date":"2021-01-21T17:33:02","date_gmt":"2021-01-21T17:33:02","guid":{"rendered":"https:\/\/2021.centralbahn.ch\/?page_id=106"},"modified":"2021-06-09T10:10:19","modified_gmt":"2021-06-09T10:10:19","slug":"kontakt","status":"publish","type":"page","link":"https:\/\/2021ag.centralbahn.ch\/index.php\/kontakt\/","title":{"rendered":"Kontakt"},"content":{"rendered":"<h4 class=\"csc-firstHeader\"><span style=\"font-size: 1.7em; font-weight: bold;\">Kontakt<\/span><\/h4>\n<p>Sie sind auf der Suche nach einem Sonderzug f\u00fcr Ihren Betriebsausflug, zu einem Sport- oder Musikevent in Deutschland sowie dem angrenzenden Ausland? Oder m\u00f6chten Sie in exklusivem Rahmen ein F\u00fcnf-G\u00e4nge-Menu auf Schienen genie\u00dfen? Oder in einem historischen Fahrzeug eine Sonderzugfahrt deutschlandweit wahrnehmen? Dann sind Sie bei uns genau richtig!<\/p>\n<div class=\"spanrow\"><\/div>\n<div class=\"spanrow\">\n<div id=\"gform_wrapper_1\" class=\"gf_browser_chrome gform_wrapper\">\n<form id=\"gform_1\" action=\"https:\/\/centralbahn.ch\/centralbahn-ag-kontakt\/#gf_1\" enctype=\"multipart\/form-data\" method=\"post\" target=\"gform_ajax_frame_1\">\n<div class=\"gform_body\">\n<ul id=\"gform_fields_1\" class=\"gform_fields top_label description_below\">\n<li id=\"field_1_1\" class=\"gfield gfield_contains_required\"><label class=\"gfield_label\" for=\"input_1_1\">Name<span class=\"gfield_required\">*<\/span><\/label>\n<div class=\"ginput_container\"><input id=\"input_1_1\" class=\"medium\" tabindex=\"1\" name=\"input_1\" type=\"text\" value=\"\" \/><\/div>\n<\/li>\n<li id=\"field_1_2\" class=\"gfield gfield_contains_required\"><label class=\"gfield_label\" for=\"input_1_2\">Telefon<span class=\"gfield_required\">*<\/span><\/label>\n<div class=\"ginput_container\"><input id=\"input_1_2\" class=\"medium\" tabindex=\"2\" name=\"input_2\" type=\"text\" value=\"\" \/><\/div>\n<\/li>\n<li id=\"field_1_3\" class=\"gfield gfield_contains_required\"><label class=\"gfield_label\" for=\"input_1_3\">E-Mail<span class=\"gfield_required\">*<\/span><\/label>\n<div class=\"ginput_container\"><input id=\"input_1_3\" class=\"medium\" tabindex=\"3\" name=\"input_3\" type=\"text\" value=\"\" \/><\/div>\n<\/li>\n<li id=\"field_1_4\" class=\"gfield gfield_contains_required\"><label class=\"gfield_label\" for=\"input_1_4\">Ihre Nachricht<span class=\"gfield_required\">*<\/span><\/label>\n<div class=\"ginput_container\"><textarea id=\"input_1_4\" class=\"textarea medium\" tabindex=\"4\" cols=\"50\" name=\"input_4\" rows=\"10\"><\/textarea><\/div>\n<\/li>\n<li id=\"field_1_5\" class=\"gfield gfield_contains_required\"><label class=\"gfield_label\">Datenschutzhinweis<span class=\"gfield_required\">*<\/span><\/label>\n<div class=\"ginput_container\">\n<ul id=\"input_1_5\" class=\"gfield_radio\">\n<li class=\"gchoice_5_0\"><input id=\"choice_5_0\" style=\"margin: 4px 0px 0px; padding: 6px 8px !important; border: 1px solid #cccccc; width: auto !important; transition: all 0.2s ease-in 0s; float: left;\" tabindex=\"5\" name=\"input_5\" type=\"radio\" value=\"Die &lt;a href=&quot;https:\/\/centralbahn.ch\/datenschutzerklaerung\/&quot; target=&quot;_blank&quot; &gt;Datenschutzerkl\u00e4rung&lt;\/a&gt; der Centralbahn AG habe ich gelesen und akzeptiere diese!\" \/><label for=\"choice_5_0\">Die\u00a0<a href=\"https:\/\/centralbahn.ch\/datenschutzerklaerung\/\" target=\"_blank\" rel=\"noopener\">Datenschutzerkl\u00e4rung<\/a>\u00a0der Centralbahn AG habe ich gelesen und akzeptiere diese!<\/label><\/li>\n<\/ul>\n<\/div>\n<\/li>\n<\/ul>\n<\/div>\n<div class=\"gform_footer top_label\">\n<p><input id=\"gform_submit_button_1\" class=\"button gform_button\" tabindex=\"6\" type=\"submit\" value=\"Senden\" \/><\/p>\n<\/div>\n<\/form>\n<\/div>\n<\/div>\n","protected":false},"excerpt":{"rendered":"<p>Kontakt Sie sind auf der Suche nach einem Sonderzug f\u00fcr Ihren Betriebsausflug, zu einem Sport- oder Musikevent in Deutschland sowie dem angrenzenden Ausland? Oder m\u00f6chten Sie in exklusivem Rahmen ein F\u00fcnf-G\u00e4nge-Menu auf Schienen genie\u00dfen? Oder in einem historischen Fahrzeug eine Sonderzugfahrt deutschlandweit wahrnehmen? Dann sind Sie bei uns genau richtig! Name* Telefon* E-Mail* Ihre Nachricht* [&hellip;]<\/p>\n","protected":false},"author":1,"featured_media":0,"parent":0,"menu_order":0,"comment_status":"closed","ping_status":"closed","template":"","meta":{"_monsterinsights_skip_tracking":false,"_monsterinsights_sitenote_active":false,"_monsterinsights_sitenote_note":"","_monsterinsights_sitenote_category":0,"footnotes":""},"class_list":["post-106","page","type-page","status-publish","hentry"],"_links":{"self":[{"href":"https:\/\/2021ag.centralbahn.ch\/index.php\/wp-json\/wp\/v2\/pages\/106","targetHints":{"allow":["GET"]}}],"collection":[{"href":"https:\/\/2021ag.centralbahn.ch\/index.php\/wp-json\/wp\/v2\/pages"}],"about":[{"href":"https:\/\/2021ag.centralbahn.ch\/index.php\/wp-json\/wp\/v2\/types\/page"}],"author":[{"embeddable":true,"href":"https:\/\/2021ag.centralbahn.ch\/index.php\/wp-json\/wp\/v2\/users\/1"}],"replies":[{"embeddable":true,"href":"https:\/\/2021ag.centralbahn.ch\/index.php\/wp-json\/wp\/v2\/comments?post=106"}],"version-history":[{"count":5,"href":"https:\/\/2021ag.centralbahn.ch\/index.php\/wp-json\/wp\/v2\/pages\/106\/revisions"}],"predecessor-version":[{"id":275,"href":"https:\/\/2021ag.centralbahn.ch\/index.php\/wp-json\/wp\/v2\/pages\/106\/revisions\/275"}],"wp:attachment":[{"href":"https:\/\/2021ag.centralbahn.ch\/index.php\/wp-json\/wp\/v2\/media?parent=106"}],"curies":[{"name":"wp","href":"https:\/\/api.w.org\/{rel}","templated":true}]}}